{"id":4224,"date":"2022-05-05T15:30:10","date_gmt":"2022-05-05T15:30:10","guid":{"rendered":"https:\/\/www.gwilen.com\/?page_id=4224"},"modified":"2024-05-17T00:01:49","modified_gmt":"2024-05-17T00:01:49","slug":"gwilen-x-herogaxana","status":"publish","type":"page","link":"https:\/\/www.gwilen.com\/en\/gwilen-x-herogaxana\/","title":{"rendered":"gwilen x herogaxana"},"content":{"rendered":"<div data-elementor-type=\"wp-page\" data-elementor-id=\"4224\" class=\"elementor elementor-4224\" data-elementor-post-type=\"page\">\n\t\t\t\t\t\t<section class=\"elementor-section elementor-top-section elementor-element elementor-element-c8eb0cb elementor-section-boxed elementor-section-height-default elementor-section-height-default\" data-id=\"c8eb0cb\" data-element_type=\"section\" data-settings=\"{&quot;jet_parallax_layout_list&quot;:[]}\">\n\t\t\t\t\t\t<div class=\"elementor-container elementor-column-gap-default\">\n\t\t\t\t\t<div class=\"elementor-column elementor-col-100 elementor-top-column elementor-element elementor-element-87b591d\" data-id=\"87b591d\" data-element_type=\"column\">\n\t\t\t<div class=\"elementor-widget-wrap elementor-element-populated\">\n\t\t\t\t\t\t<div class=\"elementor-element elementor-element-93ea47b elementor-widget elementor-widget-spacer\" data-id=\"93ea47b\" data-element_type=\"widget\" data-widget_type=\"spacer.default\">\n\t\t\t\t<div class=\"elementor-widget-container\">\n\t\t\t\t\t<div class=\"elementor-spacer\">\n\t\t\t<div class=\"elementor-spacer-inner\"><\/div>\n\t\t<\/div>\n\t\t\t\t<\/div>\n\t\t\t\t<\/div>\n\t\t\t\t\t<\/div>\n\t\t<\/div>\n\t\t\t\t\t<\/div>\n\t\t<\/section>\n\t\t\t\t<section class=\"elementor-section elementor-top-section elementor-element elementor-element-63085cf elementor-section-boxed elementor-section-height-default elementor-section-height-default\" data-id=\"63085cf\" data-element_type=\"section\" data-settings=\"{&quot;jet_parallax_layout_list&quot;:[]}\">\n\t\t\t\t\t\t<div class=\"elementor-container elementor-column-gap-default\">\n\t\t\t\t\t<div class=\"elementor-column elementor-col-100 elementor-top-column elementor-element elementor-element-13b5027\" data-id=\"13b5027\" data-element_type=\"column\">\n\t\t\t<div class=\"elementor-widget-wrap elementor-element-populated\">\n\t\t\t\t\t\t<div class=\"elementor-element elementor-element-ebb48a0 elementor-widget elementor-widget-text-editor\" data-id=\"ebb48a0\" data-element_type=\"widget\" data-widget_type=\"text-editor.default\">\n\t\t\t\t<div class=\"elementor-widget-container\">\n\t\t\t\t\t\t\t<p><a href=\"https:\/\/www.gwilen.com\/en\/sur-mesure\/\">&lt; Back<\/a><\/p>\t\t\t\t\t\t<\/div>\n\t\t\t\t<\/div>\n\t\t\t\t<div class=\"elementor-element elementor-element-cff1157 elementor-widget elementor-widget-heading\" data-id=\"cff1157\" data-element_type=\"widget\" data-widget_type=\"heading.default\">\n\t\t\t\t<div class=\"elementor-widget-container\">\n\t\t\t<h2 class=\"elementor-heading-title elementor-size-default\">TABLES FOR THE VENDEE GLOBE<\/h2>\t\t<\/div>\n\t\t\t\t<\/div>\n\t\t\t\t\t<\/div>\n\t\t<\/div>\n\t\t\t\t\t<\/div>\n\t\t<\/section>\n\t\t\t\t<section class=\"elementor-section elementor-top-section elementor-element elementor-element-2d1a770 elementor-section-boxed elementor-section-height-default elementor-section-height-default\" data-id=\"2d1a770\" data-element_type=\"section\" data-settings=\"{&quot;jet_parallax_layout_list&quot;:[]}\">\n\t\t\t\t\t\t<div class=\"elementor-container elementor-column-gap-default\">\n\t\t\t\t\t<div class=\"elementor-column elementor-col-100 elementor-top-column elementor-element elementor-element-dcfab12\" data-id=\"dcfab12\" data-element_type=\"column\">\n\t\t\t<div class=\"elementor-widget-wrap elementor-element-populated\">\n\t\t\t\t\t\t<div class=\"elementor-element elementor-element-21f9c5a elementor-widget elementor-widget-spacer\" data-id=\"21f9c5a\" data-element_type=\"widget\" data-widget_type=\"spacer.default\">\n\t\t\t\t<div class=\"elementor-widget-container\">\n\t\t\t\t\t<div class=\"elementor-spacer\">\n\t\t\t<div class=\"elementor-spacer-inner\"><\/div>\n\t\t<\/div>\n\t\t\t\t<\/div>\n\t\t\t\t<\/div>\n\t\t\t\t\t<\/div>\n\t\t<\/div>\n\t\t\t\t\t<\/div>\n\t\t<\/section>\n\t\t\t\t<section class=\"elementor-section elementor-top-section elementor-element elementor-element-0beac16 elementor-section-boxed elementor-section-height-default elementor-section-height-default\" data-id=\"0beac16\" data-element_type=\"section\" data-settings=\"{&quot;jet_parallax_layout_list&quot;:[]}\">\n\t\t\t\t\t\t<div class=\"elementor-container elementor-column-gap-default\">\n\t\t\t\t\t<div class=\"elementor-column elementor-col-100 elementor-top-column elementor-element elementor-element-04da822\" data-id=\"04da822\" data-element_type=\"column\">\n\t\t\t<div class=\"elementor-widget-wrap elementor-element-populated\">\n\t\t\t\t\t\t<section class=\"elementor-section elementor-inner-section elementor-element elementor-element-24be105 elementor-section-boxed elementor-section-height-default elementor-section-height-default\" data-id=\"24be105\" data-element_type=\"section\" data-settings=\"{&quot;jet_parallax_layout_list&quot;:[]}\">\n\t\t\t\t\t\t<div class=\"elementor-container elementor-column-gap-default\">\n\t\t\t\t\t<div class=\"elementor-column elementor-col-50 elementor-inner-column elementor-element elementor-element-d6c3d7e\" data-id=\"d6c3d7e\" data-element_type=\"column\">\n\t\t\t<div class=\"elementor-widget-wrap elementor-element-populated\">\n\t\t\t\t\t\t<div class=\"elementor-element elementor-element-61d3292 elementor-widget elementor-widget-text-editor\" data-id=\"61d3292\" data-element_type=\"widget\" data-widget_type=\"text-editor.default\">\n\t\t\t\t<div class=\"elementor-widget-container\">\n\t\t\t\t\t\t\t<p><strong>WHAT<\/strong><\/p>\t\t\t\t\t\t<\/div>\n\t\t\t\t<\/div>\n\t\t\t\t\t<\/div>\n\t\t<\/div>\n\t\t\t\t<div class=\"elementor-column elementor-col-50 elementor-inner-column elementor-element elementor-element-d65f94c\" data-id=\"d65f94c\" data-element_type=\"column\">\n\t\t\t<div class=\"elementor-widget-wrap elementor-element-populated\">\n\t\t\t\t\t\t<div class=\"elementor-element elementor-element-3327370 elementor-widget elementor-widget-text-editor\" data-id=\"3327370\" data-element_type=\"widget\" data-widget_type=\"text-editor.default\">\n\t\t\t\t<div class=\"elementor-widget-container\">\n\t\t\t\t\t\t\t<p>Realization of 2 table tops<\/p>\t\t\t\t\t\t<\/div>\n\t\t\t\t<\/div>\n\t\t\t\t\t<\/div>\n\t\t<\/div>\n\t\t\t\t\t<\/div>\n\t\t<\/section>\n\t\t\t\t<section class=\"elementor-section elementor-inner-section elementor-element elementor-element-06a209c elementor-section-boxed elementor-section-height-default elementor-section-height-default\" data-id=\"06a209c\" data-element_type=\"section\" data-settings=\"{&quot;jet_parallax_layout_list&quot;:[]}\">\n\t\t\t\t\t\t<div class=\"elementor-container elementor-column-gap-default\">\n\t\t\t\t\t<div class=\"elementor-column elementor-col-50 elementor-inner-column elementor-element elementor-element-c5d66fe\" data-id=\"c5d66fe\" data-element_type=\"column\">\n\t\t\t<div class=\"elementor-widget-wrap elementor-element-populated\">\n\t\t\t\t\t\t<div class=\"elementor-element elementor-element-cf30321 elementor-widget elementor-widget-text-editor\" data-id=\"cf30321\" data-element_type=\"widget\" data-widget_type=\"text-editor.default\">\n\t\t\t\t<div class=\"elementor-widget-container\">\n\t\t\t\t\t\t\t<p><strong>WHERE<\/strong><\/p>\t\t\t\t\t\t<\/div>\n\t\t\t\t<\/div>\n\t\t\t\t\t<\/div>\n\t\t<\/div>\n\t\t\t\t<div class=\"elementor-column elementor-col-50 elementor-inner-column elementor-element elementor-element-42158e9\" data-id=\"42158e9\" data-element_type=\"column\">\n\t\t\t<div class=\"elementor-widget-wrap elementor-element-populated\">\n\t\t\t\t\t\t<div class=\"elementor-element elementor-element-cda66a8 elementor-widget elementor-widget-text-editor\" data-id=\"cda66a8\" data-element_type=\"widget\" data-widget_type=\"text-editor.default\">\n\t\t\t\t<div class=\"elementor-widget-container\">\n\t\t\t\t\t\t\t<p>Village D\u00e9part du Vend\u00e9e Globe 2020 aux Sables d&rsquo;Olonne (France)<\/p>\t\t\t\t\t\t<\/div>\n\t\t\t\t<\/div>\n\t\t\t\t\t<\/div>\n\t\t<\/div>\n\t\t\t\t\t<\/div>\n\t\t<\/section>\n\t\t\t\t<section class=\"elementor-section elementor-inner-section elementor-element elementor-element-c00e169 elementor-section-boxed elementor-section-height-default elementor-section-height-default\" data-id=\"c00e169\" data-element_type=\"section\" data-settings=\"{&quot;jet_parallax_layout_list&quot;:[]}\">\n\t\t\t\t\t\t<div class=\"elementor-container elementor-column-gap-default\">\n\t\t\t\t\t<div class=\"elementor-column elementor-col-50 elementor-inner-column elementor-element elementor-element-a6b1635\" data-id=\"a6b1635\" data-element_type=\"column\">\n\t\t\t<div class=\"elementor-widget-wrap elementor-element-populated\">\n\t\t\t\t\t\t<div class=\"elementor-element elementor-element-801d29c elementor-widget elementor-widget-text-editor\" data-id=\"801d29c\" data-element_type=\"widget\" data-widget_type=\"text-editor.default\">\n\t\t\t\t<div class=\"elementor-widget-container\">\n\t\t\t\t\t\t\t<p><strong>WHEN<\/strong><\/p>\t\t\t\t\t\t<\/div>\n\t\t\t\t<\/div>\n\t\t\t\t\t<\/div>\n\t\t<\/div>\n\t\t\t\t<div class=\"elementor-column elementor-col-50 elementor-inner-column elementor-element elementor-element-8845b15\" data-id=\"8845b15\" data-element_type=\"column\">\n\t\t\t<div class=\"elementor-widget-wrap elementor-element-populated\">\n\t\t\t\t\t\t<div class=\"elementor-element elementor-element-6aa20ac elementor-widget elementor-widget-text-editor\" data-id=\"6aa20ac\" data-element_type=\"widget\" data-widget_type=\"text-editor.default\">\n\t\t\t\t<div class=\"elementor-widget-container\">\n\t\t\t\t\t\t\t<p>October 2020<\/p>\t\t\t\t\t\t<\/div>\n\t\t\t\t<\/div>\n\t\t\t\t\t<\/div>\n\t\t<\/div>\n\t\t\t\t\t<\/div>\n\t\t<\/section>\n\t\t\t\t<section class=\"elementor-section elementor-inner-section elementor-element elementor-element-6eb4091 elementor-section-boxed elementor-section-height-default elementor-section-height-default\" data-id=\"6eb4091\" data-element_type=\"section\" data-settings=\"{&quot;jet_parallax_layout_list&quot;:[]}\">\n\t\t\t\t\t\t<div class=\"elementor-container elementor-column-gap-default\">\n\t\t\t\t\t<div class=\"elementor-column elementor-col-50 elementor-inner-column elementor-element elementor-element-15f2e62\" data-id=\"15f2e62\" data-element_type=\"column\">\n\t\t\t<div class=\"elementor-widget-wrap elementor-element-populated\">\n\t\t\t\t\t\t<div class=\"elementor-element elementor-element-fb4d4d0 elementor-widget elementor-widget-text-editor\" data-id=\"fb4d4d0\" data-element_type=\"widget\" data-widget_type=\"text-editor.default\">\n\t\t\t\t<div class=\"elementor-widget-container\">\n\t\t\t\t\t\t\t<p><strong>WHO<\/strong><\/p>\t\t\t\t\t\t<\/div>\n\t\t\t\t<\/div>\n\t\t\t\t\t<\/div>\n\t\t<\/div>\n\t\t\t\t<div class=\"elementor-column elementor-col-50 elementor-inner-column elementor-element elementor-element-03c0594\" data-id=\"03c0594\" data-element_type=\"column\">\n\t\t\t<div class=\"elementor-widget-wrap elementor-element-populated\">\n\t\t\t\t\t\t<div class=\"elementor-element elementor-element-0cb75e1 elementor-widget elementor-widget-text-editor\" data-id=\"0cb75e1\" data-element_type=\"widget\" data-widget_type=\"text-editor.default\">\n\t\t\t\t<div class=\"elementor-widget-container\">\n\t\t\t\t\t\t\t<p>Design de la table par l&rsquo;\u00e9diteur fran\u00e7ais et \u00e9co-responsable <a href=\"https:\/\/www.herogaxana.fr\/\">Herogaxana<\/a><\/p>\t\t\t\t\t\t<\/div>\n\t\t\t\t<\/div>\n\t\t\t\t\t<\/div>\n\t\t<\/div>\n\t\t\t\t\t<\/div>\n\t\t<\/section>\n\t\t\t\t\t<\/div>\n\t\t<\/div>\n\t\t\t\t\t<\/div>\n\t\t<\/section>\n\t\t\t\t<section class=\"elementor-section elementor-top-section elementor-element elementor-element-4f5aa7b elementor-section-boxed elementor-section-height-default elementor-section-height-default\" data-id=\"4f5aa7b\" data-element_type=\"section\" data-settings=\"{&quot;jet_parallax_layout_list&quot;:[]}\">\n\t\t\t\t\t\t<div class=\"elementor-container elementor-column-gap-default\">\n\t\t\t\t\t<div class=\"elementor-column elementor-col-100 elementor-top-column elementor-element elementor-element-b6ee5d1\" data-id=\"b6ee5d1\" data-element_type=\"column\">\n\t\t\t<div class=\"elementor-widget-wrap elementor-element-populated\">\n\t\t\t\t\t\t<div class=\"elementor-element elementor-element-3150d05 elementor-widget elementor-widget-spacer\" data-id=\"3150d05\" data-element_type=\"widget\" data-widget_type=\"spacer.default\">\n\t\t\t\t<div class=\"elementor-widget-container\">\n\t\t\t\t\t<div class=\"elementor-spacer\">\n\t\t\t<div class=\"elementor-spacer-inner\"><\/div>\n\t\t<\/div>\n\t\t\t\t<\/div>\n\t\t\t\t<\/div>\n\t\t\t\t\t<\/div>\n\t\t<\/div>\n\t\t\t\t\t<\/div>\n\t\t<\/section>\n\t\t\t\t<section class=\"elementor-section elementor-top-section elementor-element elementor-element-a357162 elementor-section-boxed elementor-section-height-default elementor-section-height-default\" data-id=\"a357162\" data-element_type=\"section\" data-settings=\"{&quot;jet_parallax_layout_list&quot;:[]}\">\n\t\t\t\t\t\t<div class=\"elementor-container elementor-column-gap-default\">\n\t\t\t\t\t<div class=\"elementor-column elementor-col-100 elementor-top-column elementor-element elementor-element-517bc74\" data-id=\"517bc74\" data-element_type=\"column\">\n\t\t\t<div class=\"elementor-widget-wrap elementor-element-populated\">\n\t\t\t\t\t\t<div class=\"elementor-element elementor-element-9e1cbcd elementor-widget elementor-widget-text-editor\" data-id=\"9e1cbcd\" data-element_type=\"widget\" data-widget_type=\"text-editor.default\">\n\t\t\t\t<div class=\"elementor-widget-container\">\n\t\t\t\t\t\t\t<div dir=\"auto\">C&rsquo;est au bar du village d\u00e9part du Vend\u00e9e Globe 2020, la mythique course au tour du monde \u00e0 la voile et en solitaire, que nous avons install\u00e9 nos plateaux de table Gwilen.\u00a0<\/div><div dir=\"auto\">\u00a0<\/div><div dir=\"auto\"><p><b>Two trays of dimension 155cm x 85cm<\/b> have been made in our sedimentary material, with <strong>a natural color mottled with blue<\/strong>. As for all our pieces, the blue is dyed in the mass with natural pigments. The table was designed by Herogaxana, a furniture editor from Vend\u00e9e, for whom we made the tops.\u00a0<br \/>The large format of the trays as well as the marbled stain were custom made with a waxed finish.<\/p><\/div>\t\t\t\t\t\t<\/div>\n\t\t\t\t<\/div>\n\t\t\t\t\t<\/div>\n\t\t<\/div>\n\t\t\t\t\t<\/div>\n\t\t<\/section>\n\t\t\t\t<section class=\"elementor-section elementor-top-section elementor-element elementor-element-f804c59 elementor-section-boxed elementor-section-height-default elementor-section-height-default\" data-id=\"f804c59\" data-element_type=\"section\" data-settings=\"{&quot;jet_parallax_layout_list&quot;:[]}\">\n\t\t\t\t\t\t<div class=\"elementor-container elementor-column-gap-default\">\n\t\t\t\t\t<div class=\"elementor-column elementor-col-100 elementor-top-column elementor-element elementor-element-6ed480b\" data-id=\"6ed480b\" data-element_type=\"column\">\n\t\t\t<div class=\"elementor-widget-wrap elementor-element-populated\">\n\t\t\t\t\t\t<div class=\"elementor-element elementor-element-88dd5e3 elementor-widget elementor-widget-spacer\" data-id=\"88dd5e3\" data-element_type=\"widget\" data-widget_type=\"spacer.default\">\n\t\t\t\t<div class=\"elementor-widget-container\">\n\t\t\t\t\t<div class=\"elementor-spacer\">\n\t\t\t<div class=\"elementor-spacer-inner\"><\/div>\n\t\t<\/div>\n\t\t\t\t<\/div>\n\t\t\t\t<\/div>\n\t\t\t\t\t<\/div>\n\t\t<\/div>\n\t\t\t\t\t<\/div>\n\t\t<\/section>\n\t\t\t\t<section class=\"elementor-section elementor-top-section elementor-element elementor-element-b352c27 elementor-section-boxed elementor-section-height-default elementor-section-height-default\" data-id=\"b352c27\" data-element_type=\"section\" data-settings=\"{&quot;jet_parallax_layout_list&quot;:[]}\">\n\t\t\t\t\t\t<div class=\"elementor-container elementor-column-gap-default\">\n\t\t\t\t\t<div class=\"elementor-column elementor-col-50 elementor-top-column elementor-element elementor-element-979308d\" data-id=\"979308d\" data-element_type=\"column\">\n\t\t\t<div class=\"elementor-widget-wrap elementor-element-populated\">\n\t\t\t\t\t\t<div class=\"elementor-element elementor-element-c9369df elementor-widget elementor-widget-image\" data-id=\"c9369df\" data-element_type=\"widget\" data-widget_type=\"image.default\">\n\t\t\t\t<div class=\"elementor-widget-container\">\n\t\t\t\t\t\t\t\t\t\t\t\t\t<img fetchpriority=\"high\" decoding=\"async\" width=\"680\" height=\"1024\" src=\"https:\/\/www.gwilen.com\/wp-content\/uploads\/2022\/05\/Vendee-Globe-01-1-680x1024.jpg\" class=\"attachment-large size-large wp-image-4248\" alt=\"\" srcset=\"https:\/\/www.gwilen.com\/wp-content\/uploads\/2022\/05\/Vendee-Globe-01-1-680x1024.jpg 680w, https:\/\/www.gwilen.com\/wp-content\/uploads\/2022\/05\/Vendee-Globe-01-1-199x300.jpg 199w, https:\/\/www.gwilen.com\/wp-content\/uploads\/2022\/05\/Vendee-Globe-01-1-768x1156.jpg 768w, https:\/\/www.gwilen.com\/wp-content\/uploads\/2022\/05\/Vendee-Globe-01-1-1021x1536.jpg 1021w, https:\/\/www.gwilen.com\/wp-content\/uploads\/2022\/05\/Vendee-Globe-01-1-1361x2048.jpg 1361w, https:\/\/www.gwilen.com\/wp-content\/uploads\/2022\/05\/Vendee-Globe-01-1-8x12.jpg 8w, https:\/\/www.gwilen.com\/wp-content\/uploads\/2022\/05\/Vendee-Globe-01-1-600x903.jpg 600w, https:\/\/www.gwilen.com\/wp-content\/uploads\/2022\/05\/Vendee-Globe-01-1-scaled.jpg 1701w\" sizes=\"(max-width: 680px) 100vw, 680px\" \/>\t\t\t\t\t\t\t\t\t\t\t\t\t<\/div>\n\t\t\t\t<\/div>\n\t\t\t\t\t<\/div>\n\t\t<\/div>\n\t\t\t\t<div class=\"elementor-column elementor-col-50 elementor-top-column elementor-element elementor-element-6c99bc9\" data-id=\"6c99bc9\" data-element_type=\"column\">\n\t\t\t<div class=\"elementor-widget-wrap elementor-element-populated\">\n\t\t\t\t\t\t<div class=\"elementor-element elementor-element-ff999d3 elementor-widget elementor-widget-image\" data-id=\"ff999d3\" data-element_type=\"widget\" data-widget_type=\"image.default\">\n\t\t\t\t<div class=\"elementor-widget-container\">\n\t\t\t\t\t\t\t\t\t\t\t\t\t<img decoding=\"async\" width=\"1024\" height=\"680\" src=\"https:\/\/www.gwilen.com\/wp-content\/uploads\/2022\/05\/Vendee-Globe-04-1024x680.jpg\" class=\"attachment-large size-large wp-image-4245\" alt=\"\" srcset=\"https:\/\/www.gwilen.com\/wp-content\/uploads\/2022\/05\/Vendee-Globe-04-1024x680.jpg 1024w, https:\/\/www.gwilen.com\/wp-content\/uploads\/2022\/05\/Vendee-Globe-04-300x199.jpg 300w, https:\/\/www.gwilen.com\/wp-content\/uploads\/2022\/05\/Vendee-Globe-04-768x510.jpg 768w, https:\/\/www.gwilen.com\/wp-content\/uploads\/2022\/05\/Vendee-Globe-04-1536x1020.jpg 1536w, https:\/\/www.gwilen.com\/wp-content\/uploads\/2022\/05\/Vendee-Globe-04-2048x1361.jpg 2048w, https:\/\/www.gwilen.com\/wp-content\/uploads\/2022\/05\/Vendee-Globe-04-18x12.jpg 18w, https:\/\/www.gwilen.com\/wp-content\/uploads\/2022\/05\/Vendee-Globe-04-600x399.jpg 600w\" sizes=\"(max-width: 1024px) 100vw, 1024px\" \/>\t\t\t\t\t\t\t\t\t\t\t\t\t<\/div>\n\t\t\t\t<\/div>\n\t\t\t\t<div class=\"elementor-element elementor-element-8f7e4b9 elementor-widget elementor-widget-image\" data-id=\"8f7e4b9\" data-element_type=\"widget\" data-widget_type=\"image.default\">\n\t\t\t\t<div class=\"elementor-widget-container\">\n\t\t\t\t\t\t\t\t\t\t\t\t\t<img decoding=\"async\" width=\"1536\" height=\"1020\" src=\"https:\/\/www.gwilen.com\/wp-content\/uploads\/2022\/05\/Vendee-Globe-03-1536x1020.jpg\" class=\"attachment-1536x1536 size-1536x1536 wp-image-4246\" alt=\"\" srcset=\"https:\/\/www.gwilen.com\/wp-content\/uploads\/2022\/05\/Vendee-Globe-03-1536x1020.jpg 1536w, https:\/\/www.gwilen.com\/wp-content\/uploads\/2022\/05\/Vendee-Globe-03-300x199.jpg 300w, https:\/\/www.gwilen.com\/wp-content\/uploads\/2022\/05\/Vendee-Globe-03-1024x680.jpg 1024w, https:\/\/www.gwilen.com\/wp-content\/uploads\/2022\/05\/Vendee-Globe-03-768x510.jpg 768w, https:\/\/www.gwilen.com\/wp-content\/uploads\/2022\/05\/Vendee-Globe-03-2048x1361.jpg 2048w, https:\/\/www.gwilen.com\/wp-content\/uploads\/2022\/05\/Vendee-Globe-03-18x12.jpg 18w, https:\/\/www.gwilen.com\/wp-content\/uploads\/2022\/05\/Vendee-Globe-03-600x399.jpg 600w\" sizes=\"(max-width: 1536px) 100vw, 1536px\" \/>\t\t\t\t\t\t\t\t\t\t\t\t\t<\/div>\n\t\t\t\t<\/div>\n\t\t\t\t\t<\/div>\n\t\t<\/div>\n\t\t\t\t\t<\/div>\n\t\t<\/section>\n\t\t\t\t<section class=\"elementor-section elementor-top-section elementor-element elementor-element-1085b0d elementor-section-boxed elementor-section-height-default elementor-section-height-default\" data-id=\"1085b0d\" data-element_type=\"section\" data-settings=\"{&quot;jet_parallax_layout_list&quot;:[]}\">\n\t\t\t\t\t\t<div class=\"elementor-container elementor-column-gap-default\">\n\t\t\t\t\t<div class=\"elementor-column elementor-col-50 elementor-top-column elementor-element elementor-element-f706937\" data-id=\"f706937\" data-element_type=\"column\">\n\t\t\t<div class=\"elementor-widget-wrap elementor-element-populated\">\n\t\t\t\t\t\t<div class=\"elementor-element elementor-element-41c8c50 elementor-widget elementor-widget-image\" data-id=\"41c8c50\" data-element_type=\"widget\" data-widget_type=\"image.default\">\n\t\t\t\t<div class=\"elementor-widget-container\">\n\t\t\t\t\t\t\t\t\t\t\t\t\t<img loading=\"lazy\" decoding=\"async\" width=\"680\" height=\"1024\" src=\"https:\/\/www.gwilen.com\/wp-content\/uploads\/2022\/05\/Vendee-Globe-02-680x1024.jpg\" class=\"attachment-large size-large wp-image-4247\" alt=\"\" srcset=\"https:\/\/www.gwilen.com\/wp-content\/uploads\/2022\/05\/Vendee-Globe-02-680x1024.jpg 680w, https:\/\/www.gwilen.com\/wp-content\/uploads\/2022\/05\/Vendee-Globe-02-199x300.jpg 199w, https:\/\/www.gwilen.com\/wp-content\/uploads\/2022\/05\/Vendee-Globe-02-768x1156.jpg 768w, https:\/\/www.gwilen.com\/wp-content\/uploads\/2022\/05\/Vendee-Globe-02-1020x1536.jpg 1020w, https:\/\/www.gwilen.com\/wp-content\/uploads\/2022\/05\/Vendee-Globe-02-1361x2048.jpg 1361w, https:\/\/www.gwilen.com\/wp-content\/uploads\/2022\/05\/Vendee-Globe-02-8x12.jpg 8w, https:\/\/www.gwilen.com\/wp-content\/uploads\/2022\/05\/Vendee-Globe-02-600x903.jpg 600w, https:\/\/www.gwilen.com\/wp-content\/uploads\/2022\/05\/Vendee-Globe-02-scaled.jpg 1701w\" sizes=\"(max-width: 680px) 100vw, 680px\" \/>\t\t\t\t\t\t\t\t\t\t\t\t\t<\/div>\n\t\t\t\t<\/div>\n\t\t\t\t\t<\/div>\n\t\t<\/div>\n\t\t\t\t<div class=\"elementor-column elementor-col-50 elementor-top-column elementor-element elementor-element-9e944cf\" data-id=\"9e944cf\" data-element_type=\"column\">\n\t\t\t<div class=\"elementor-widget-wrap elementor-element-populated\">\n\t\t\t\t\t\t<div class=\"elementor-element elementor-element-0d758e9 elementor-widget elementor-widget-image\" data-id=\"0d758e9\" data-element_type=\"widget\" data-widget_type=\"image.default\">\n\t\t\t\t<div class=\"elementor-widget-container\">\n\t\t\t\t\t\t\t\t\t\t\t\t\t<img loading=\"lazy\" decoding=\"async\" width=\"1024\" height=\"680\" src=\"https:\/\/www.gwilen.com\/wp-content\/uploads\/2022\/05\/Vendee-Globe-05-1024x680.jpg\" class=\"attachment-large size-large wp-image-4244\" alt=\"\" srcset=\"https:\/\/www.gwilen.com\/wp-content\/uploads\/2022\/05\/Vendee-Globe-05-1024x680.jpg 1024w, https:\/\/www.gwilen.com\/wp-content\/uploads\/2022\/05\/Vendee-Globe-05-300x199.jpg 300w, https:\/\/www.gwilen.com\/wp-content\/uploads\/2022\/05\/Vendee-Globe-05-768x510.jpg 768w, https:\/\/www.gwilen.com\/wp-content\/uploads\/2022\/05\/Vendee-Globe-05-1536x1020.jpg 1536w, https:\/\/www.gwilen.com\/wp-content\/uploads\/2022\/05\/Vendee-Globe-05-2048x1361.jpg 2048w, https:\/\/www.gwilen.com\/wp-content\/uploads\/2022\/05\/Vendee-Globe-05-18x12.jpg 18w, https:\/\/www.gwilen.com\/wp-content\/uploads\/2022\/05\/Vendee-Globe-05-600x399.jpg 600w\" sizes=\"(max-width: 1024px) 100vw, 1024px\" \/>\t\t\t\t\t\t\t\t\t\t\t\t\t<\/div>\n\t\t\t\t<\/div>\n\t\t\t\t\t<\/div>\n\t\t<\/div>\n\t\t\t\t\t<\/div>\n\t\t<\/section>\n\t\t\t\t<section class=\"elementor-section elementor-top-section elementor-element elementor-element-5ed9ceb elementor-section-boxed elementor-section-height-default elementor-section-height-default\" data-id=\"5ed9ceb\" data-element_type=\"section\" data-settings=\"{&quot;jet_parallax_layout_list&quot;:[]}\">\n\t\t\t\t\t\t<div class=\"elementor-container elementor-column-gap-default\">\n\t\t\t\t\t<div class=\"elementor-column elementor-col-100 elementor-top-column elementor-element elementor-element-6b87a82\" data-id=\"6b87a82\" data-element_type=\"column\">\n\t\t\t<div class=\"elementor-widget-wrap elementor-element-populated\">\n\t\t\t\t\t\t<div class=\"elementor-element elementor-element-cc3e71f elementor-widget elementor-widget-spacer\" data-id=\"cc3e71f\" data-element_type=\"widget\" data-widget_type=\"spacer.default\">\n\t\t\t\t<div class=\"elementor-widget-container\">\n\t\t\t\t\t<div class=\"elementor-spacer\">\n\t\t\t<div class=\"elementor-spacer-inner\"><\/div>\n\t\t<\/div>\n\t\t\t\t<\/div>\n\t\t\t\t<\/div>\n\t\t\t\t\t<\/div>\n\t\t<\/div>\n\t\t\t\t\t<\/div>\n\t\t<\/section>\n\t\t\t\t<section class=\"elementor-section elementor-top-section elementor-element elementor-element-f84b1b9 elementor-section-boxed elementor-section-height-default elementor-section-height-default\" data-id=\"f84b1b9\" data-element_type=\"section\" data-settings=\"{&quot;jet_parallax_layout_list&quot;:[]}\">\n\t\t\t\t\t\t<div class=\"elementor-container elementor-column-gap-default\">\n\t\t\t\t\t<div class=\"elementor-column elementor-col-100 elementor-top-column elementor-element elementor-element-e7c1d90\" data-id=\"e7c1d90\" data-element_type=\"column\">\n\t\t\t<div class=\"elementor-widget-wrap elementor-element-populated\">\n\t\t\t\t\t\t<div class=\"elementor-element elementor-element-7c6c0fa elementor-widget elementor-widget-spacer\" data-id=\"7c6c0fa\" data-element_type=\"widget\" data-widget_type=\"spacer.default\">\n\t\t\t\t<div class=\"elementor-widget-container\">\n\t\t\t\t\t<div class=\"elementor-spacer\">\n\t\t\t<div class=\"elementor-spacer-inner\"><\/div>\n\t\t<\/div>\n\t\t\t\t<\/div>\n\t\t\t\t<\/div>\n\t\t\t\t\t<\/div>\n\t\t<\/div>\n\t\t\t\t\t<\/div>\n\t\t<\/section>\n\t\t\t\t<\/div>","protected":false},"excerpt":{"rendered":"<p>&lt; Retour TABLES POUR LE VENDEE GLOBE QUOI R\u00e9alisation de 2 plateaux de table O\u00d9 Village D\u00e9part du Vend\u00e9e Globe 2020 aux Sables d&rsquo;Olonne (France) QUAND Octobre 2020 QUI Design de la table par l&rsquo;\u00e9diteur fran\u00e7ais et \u00e9co-responsable Herogaxana C&rsquo;est au bar du village d\u00e9part du Vend\u00e9e Globe 2020, la mythique course au tour du [&hellip;]<\/p>\n","protected":false},"author":2,"featured_media":0,"parent":0,"menu_order":0,"comment_status":"closed","ping_status":"closed","template":"elementor_header_footer","meta":{"footnotes":""},"class_list":["post-4224","page","type-page","status-publish","hentry"],"_links":{"self":[{"href":"https:\/\/www.gwilen.com\/en\/wp-json\/wp\/v2\/pages\/4224","targetHints":{"allow":["GET"]}}],"collection":[{"href":"https:\/\/www.gwilen.com\/en\/wp-json\/wp\/v2\/pages"}],"about":[{"href":"https:\/\/www.gwilen.com\/en\/wp-json\/wp\/v2\/types\/page"}],"author":[{"embeddable":true,"href":"https:\/\/www.gwilen.com\/en\/wp-json\/wp\/v2\/users\/2"}],"replies":[{"embeddable":true,"href":"https:\/\/www.gwilen.com\/en\/wp-json\/wp\/v2\/comments?post=4224"}],"version-history":[{"count":31,"href":"https:\/\/www.gwilen.com\/en\/wp-json\/wp\/v2\/pages\/4224\/revisions"}],"predecessor-version":[{"id":7403,"href":"https:\/\/www.gwilen.com\/en\/wp-json\/wp\/v2\/pages\/4224\/revisions\/7403"}],"wp:attachment":[{"href":"https:\/\/www.gwilen.com\/en\/wp-json\/wp\/v2\/media?parent=4224"}],"curies":[{"name":"wp","href":"https:\/\/api.w.org\/{rel}","templated":true}]}}