{"id":6481,"date":"2024-03-30T17:41:12","date_gmt":"2024-03-30T17:41:12","guid":{"rendered":"https:\/\/www.gwilen.com\/?post_type=product&#038;p=6481"},"modified":"2024-05-17T10:15:28","modified_gmt":"2024-05-17T10:15:28","slug":"le-plot-nos-imparfaits-nci-32022","status":"publish","type":"product","link":"https:\/\/www.gwilen.com\/en\/product\/le-plot-nos-imparfaits-nci-32022\/","title":{"rendered":"Le Plot &#8211; Nos Imparfaits NCI 32022"},"content":{"rendered":"<p>Nos plots 100% en mati\u00e8re GWILEN !<\/p>\n<p>Le Plot est une petite table d\u2019appoint que nous commercialisons en partenariat avec la soci\u00e9t\u00e9 <a href=\"https:\/\/www.ralph-m.fr\/\">RalphM<\/a>, soci\u00e9t\u00e9 angevine de fabrication fran\u00e7aise de canap\u00e9s.<\/p>\n<p>Lors de notre production, des d\u00e9fauts, \u00e9clats, rayures, ou bulles rendent certains Plots invendables dans le circuit classique. Mais chez Gwilen, nous pensons que chez les gens comme chez les Plots, les d\u00e9fauts sont des particularit\u00e9s qui parfois font la richesse d\u2019une vie !<br \/>\nAlors nous mettons de c\u00f4t\u00e9 tous nos imparfaits, nous les stockons et les traitons comme des Plots normaux. Parce que nous pensons, aussi, que la mati\u00e8re a de la valeur et qu\u2019il serait trop dommage de jeter nos imparfaits.<\/p>\n<p>Nous vous proposons ces pi\u00e8ces imparfaites mais uniques sur notre site \u00e0 prix tr\u00e8s r\u00e9duits, afin de couvrir nos frais de production et vous offrir la chance de vous \u00e9quiper d\u2019un Plot unique au monde !<\/p>\n<p>Ils peuvent servir de petite table d\u2019appoint, de bout de canap\u00e9, de support pour vos plantes\u2026 Ils font 32 cm de diam\u00e8tre, sont disponibles en 3 hauteurs : 32 cm, 36 cm et 40 cm (voir la codification du produit) et en 3 couleurs : noir carbone, brun tabac et vert asperge.<\/p>\n<p>Le plus difficile sera de choisir !<\/p>\n<p>Poids : 18 kg en moyenne<\/p>\n<p>Information livraison : la livraison se fait par transporteur au pied de l&rsquo;immeuble sur une demi-palette. Nous ne livrons les plots qu&rsquo;en France m\u00e9tropolitaine. Veuillez n&rsquo;ajouter que des plots \u00e0 votre commande, si vous souhaitez commander un autre produit, merci de passer une commande s\u00e9par\u00e9e.<\/p>","protected":false},"excerpt":{"rendered":"<p>Nos plots 100% en mati\u00e8re GWILEN !<\/p>\n<p>Ces exemplaires imparfaits pr\u00e9sentent des petits d\u00e9fauts de production (\u00e9clats, rayures, bulles&#8230;). Nous vous proposons ces pi\u00e8ces imparfaites mais uniques sur notre site \u00e0 prix tr\u00e8s r\u00e9duits, afin de couvrir nos frais de production et vous offrir la chance de vous \u00e9quiper d\u2019un Plot unique au monde !<\/p>\n<p>Ils peuvent servir de petite table d\u2019appoint, de bout de canap\u00e9, de support pour vos plantes\u2026 Ils font 32 cm de diam\u00e8tre, sont disponibles en 3 hauteurs : 32 cm, 36 cm et 40 cm (voir la codification du produit) et en 3 couleurs : noir carbone, brun tabac et vert asperge.<\/p>","protected":false},"featured_media":7064,"template":"","meta":[],"product_brand":[],"product_cat":[76],"product_tag":[],"class_list":{"0":"post-6481","1":"product","2":"type-product","3":"status-publish","4":"has-post-thumbnail","6":"product_cat-plot","8":"first","9":"instock","10":"taxable","11":"shipping-taxable","12":"purchasable","13":"product-type-simple"},"_links":{"self":[{"href":"https:\/\/www.gwilen.com\/en\/wp-json\/wp\/v2\/product\/6481","targetHints":{"allow":["GET"]}}],"collection":[{"href":"https:\/\/www.gwilen.com\/en\/wp-json\/wp\/v2\/product"}],"about":[{"href":"https:\/\/www.gwilen.com\/en\/wp-json\/wp\/v2\/types\/product"}],"wp:featuredmedia":[{"embeddable":true,"href":"https:\/\/www.gwilen.com\/en\/wp-json\/wp\/v2\/media\/7064"}],"wp:attachment":[{"href":"https:\/\/www.gwilen.com\/en\/wp-json\/wp\/v2\/media?parent=6481"}],"wp:term":[{"taxonomy":"product_brand","embeddable":true,"href":"https:\/\/www.gwilen.com\/en\/wp-json\/wp\/v2\/product_brand?post=6481"},{"taxonomy":"product_cat","embeddable":true,"href":"https:\/\/www.gwilen.com\/en\/wp-json\/wp\/v2\/product_cat?post=6481"},{"taxonomy":"product_tag","embeddable":true,"href":"https:\/\/www.gwilen.com\/en\/wp-json\/wp\/v2\/product_tag?post=6481"}],"curies":[{"name":"wp","href":"https:\/\/api.w.org\/{rel}","templated":true}]}}