{"id":7052,"date":"2024-05-15T09:02:54","date_gmt":"2024-05-15T09:02:54","guid":{"rendered":"https:\/\/www.gwilen.com\/?post_type=product&#038;p=7052"},"modified":"2025-09-17T15:02:59","modified_gmt":"2025-09-17T15:02:59","slug":"echantillon-naturel-finition-mineralisee","status":"publish","type":"product","link":"https:\/\/www.gwilen.com\/en\/product\/echantillon-naturel-finition-mineralisee\/","title":{"rendered":"\u00c9chantillon sol naturel finition min\u00e9ralis\u00e9e"},"content":{"rendered":"","protected":false},"excerpt":{"rendered":"<p>Finition min\u00e9ralis\u00e9e en teinte naturelle, pour application sol.<\/p>\n<p>Nos carreaux pour le sol sont ponc\u00e9s en surface et prot\u00e9g\u00e9s par un min\u00e9ralisant ce qui r\u00e9v\u00e8le la granulom\u00e9trie du mat\u00e9riau. La surface est donc moins lisse que celle de nos carreaux muraux.<\/p>\n<p>Sample of a square tile, size 8cm x 8cm, thickness 1cm.<\/p>\n<p>Attention : la taille r\u00e9elle des carreaux pour le sol est de 16cm x 16cm, \u00e9paisseur 2cm.<\/p>\n<p>&nbsp;<\/p>","protected":false},"featured_media":7053,"template":"","meta":[],"product_brand":[],"product_cat":[43],"product_tag":[],"class_list":{"0":"post-7052","1":"product","2":"type-product","3":"status-publish","4":"has-post-thumbnail","6":"product_cat-carreaux","8":"first","9":"instock","10":"taxable","11":"shipping-taxable","12":"purchasable","13":"product-type-simple"},"_links":{"self":[{"href":"https:\/\/www.gwilen.com\/en\/wp-json\/wp\/v2\/product\/7052","targetHints":{"allow":["GET"]}}],"collection":[{"href":"https:\/\/www.gwilen.com\/en\/wp-json\/wp\/v2\/product"}],"about":[{"href":"https:\/\/www.gwilen.com\/en\/wp-json\/wp\/v2\/types\/product"}],"wp:featuredmedia":[{"embeddable":true,"href":"https:\/\/www.gwilen.com\/en\/wp-json\/wp\/v2\/media\/7053"}],"wp:attachment":[{"href":"https:\/\/www.gwilen.com\/en\/wp-json\/wp\/v2\/media?parent=7052"}],"wp:term":[{"taxonomy":"product_brand","embeddable":true,"href":"https:\/\/www.gwilen.com\/en\/wp-json\/wp\/v2\/product_brand?post=7052"},{"taxonomy":"product_cat","embeddable":true,"href":"https:\/\/www.gwilen.com\/en\/wp-json\/wp\/v2\/product_cat?post=7052"},{"taxonomy":"product_tag","embeddable":true,"href":"https:\/\/www.gwilen.com\/en\/wp-json\/wp\/v2\/product_tag?post=7052"}],"curies":[{"name":"wp","href":"https:\/\/api.w.org\/{rel}","templated":true}]}}